{"id":2,"date":"2014-06-24T15:35:47","date_gmt":"2014-06-24T13:35:47","guid":{"rendered":"http:\/\/www.tikocosplay.de\/blog\/?page_id=2"},"modified":"2021-01-14T18:07:48","modified_gmt":"2021-01-14T17:07:48","slug":"beispiel-seite","status":"publish","type":"page","link":"https:\/\/www.tikocosplay.de\/blog\/beispiel-seite\/","title":{"rendered":"\u00fcber uns"},"content":{"rendered":"<p><span style=\"color: #ff0000;\">Liebe TikoCOSPLAY Besucher, wir sind trotz <strong>Corona<\/strong> auch weiter f\u00fcr euch da! <a style=\"color: #ff0000;\" href=\"http:\/\/www.tikocosplay-shop.de\">Bitte besucht unseren <strong>Online-Shop<\/strong><\/a>\u00a0unter <strong><a style=\"color: #ff0000;\" href=\"http:\/\/www.tikocosplay-shop.de\">www.tikocosplay-shop.de<\/a><\/strong>. Hier\u00a0findest du <strong>originelle\u00a0Gesichtsmasken<\/strong>. Mit den\u00a0<strong>Mund- und Nasemasken\u00a0<\/strong>kannst du beitragen, in Zeiten von\u00a0<strong>Corona<\/strong>\/\u00a0<strong>Covid 19<\/strong>\u00a0das Risiko von Schleimhautinfektionen durch Tr\u00f6pfchen\u00fcbertragung zu verringern ohne selbst zu n\u00e4hen (kein Medizinprodukt, keine FFP2\/FFP3-Zertifizierung, sch\u00fctzt nicht vor Aerosolen). Diese\u00a0<strong>Masken<\/strong>\u00a0kann mann <strong>hygienisch<\/strong> <strong>waschen<\/strong> und damit <strong>mehrfach<\/strong> <strong>nutzen<\/strong>. <\/span><\/p>\n<p><span style=\"color: #ff0000;\">Auch wenn derzeit alle Conventions ausgesetzt sind, erhaltet ihr hier neue Inspirationen f\u00fcr eure <strong>Fashion-Outfits<\/strong> und euren <strong>Street- und Homestyle<\/strong>. Im <strong>Shop<\/strong> findet ihr in K\u00fcrze viele <strong>neue Angebote<\/strong> und eure Tiko-Lieblingssachen.<\/span><\/p>\n<p><a href=\"http:\/\/www.tikocosplay.de\"><img loading=\"lazy\" decoding=\"async\" class=\"alignleft wp-image-9 size-full\" src=\"http:\/\/www.tikocosplay.de\/blog\/wp-content\/uploads\/2014\/06\/tiko_avatar.png\" alt=\"TikoCOSPLAY Logo\" width=\"100\" height=\"101\" \/><\/a>Hi :))!<\/p>\n<p style=\"padding-left: 30px;\">Wir sind ein internationales Team aus Norwegen, China und Deutschland. Seit 2012 sind wir regelm\u00e4\u00dfig als H\u00e4ndler\u00a0auf <strong>Cosplay<\/strong> und <strong>Convention<\/strong> Veranstaltungen unterwegs. Unser Programm umfasst\u00a0<strong>Cosplay<\/strong> <strong>Outfits,\u00a0<\/strong><strong>Kost\u00fcme<\/strong> und verschiedene<strong> Fashion<\/strong> Styles<strong>\u00a0<\/strong>&#8211; inspiriert<strong>\u00a0<\/strong>von <strong>Manga<\/strong>, <strong>Lolita,\u00a0<\/strong><strong>Punk <\/strong>und\u00a0<strong><strong>Japanese Street Fashion<\/strong><\/strong>. Wir haben eine gro\u00dfe Auswahl an\u00a0<strong>Accessoires<\/strong>: <strong>Schmuck<\/strong>, <strong>Schuhe<\/strong>, <strong>Taschen<\/strong>, <strong>Ninja<\/strong>&#8211; und <strong>Fantasy<\/strong>&#8211;<strong>Schwerter<\/strong>.<\/p>\n<p>Au\u00dferdem sind wir regelm\u00e4\u00dfig\u00a0in China und Japan unterwegs um\u00a0brandneue Trends zu entdecken und in unser Angebot mit aufzunehmen.<\/p>\n<p>Besuche uns auf unserer n\u00e4chsten Veranstaltung und hol dir ein cooles Cosplay-Outfit. Auf unserer Seite CONVENTIONS\u00a0findest du alle Veranstaltungstermine, an denen wir teilnehmen. <span style=\"color: #ff0000;\"><strong>In der derzeitigen Corona-Krise haben wir alle Convention-Termine ausgesetzt.<\/strong><\/span><\/p>\n<p>See you soon ;))<br \/>\nTikoCOSPLAY<\/p>\n","protected":false},"excerpt":{"rendered":"<p>Liebe TikoCOSPLAY Besucher, wir sind trotz Corona auch weiter f\u00fcr euch da! Bitte besucht unseren Online-Shop\u00a0unter www.tikocosplay-shop.de. Hier\u00a0findest du originelle\u00a0Gesichtsmasken. Mit den\u00a0Mund- und Nasemasken\u00a0kannst du beitragen, in Zeiten von\u00a0Corona\/\u00a0Covid 19\u00a0das Risiko von Schleimhautinfektionen durch Tr\u00f6pfchen\u00fcbertragung zu verringern ohne selbst zu &hellip; <a href=\"https:\/\/www.tikocosplay.de\/blog\/beispiel-seite\/\">Weiterlesen <span class=\"meta-nav\">&rarr;<\/span><\/a><\/p>\n","protected":false},"author":1,"featured_media":0,"parent":0,"menu_order":0,"comment_status":"open","ping_status":"closed","template":"sidebar-page.php","meta":{"footnotes":""},"class_list":["post-2","page","type-page","status-publish","hentry"],"_links":{"self":[{"href":"https:\/\/www.tikocosplay.de\/blog\/wp-json\/wp\/v2\/pages\/2","targetHints":{"allow":["GET"]}}],"collection":[{"href":"https:\/\/www.tikocosplay.de\/blog\/wp-json\/wp\/v2\/pages"}],"about":[{"href":"https:\/\/www.tikocosplay.de\/blog\/wp-json\/wp\/v2\/types\/page"}],"author":[{"embeddable":true,"href":"https:\/\/www.tikocosplay.de\/blog\/wp-json\/wp\/v2\/users\/1"}],"replies":[{"embeddable":true,"href":"https:\/\/www.tikocosplay.de\/blog\/wp-json\/wp\/v2\/comments?post=2"}],"version-history":[{"count":12,"href":"https:\/\/www.tikocosplay.de\/blog\/wp-json\/wp\/v2\/pages\/2\/revisions"}],"predecessor-version":[{"id":250,"href":"https:\/\/www.tikocosplay.de\/blog\/wp-json\/wp\/v2\/pages\/2\/revisions\/250"}],"wp:attachment":[{"href":"https:\/\/www.tikocosplay.de\/blog\/wp-json\/wp\/v2\/media?parent=2"}],"curies":[{"name":"wp","href":"https:\/\/api.w.org\/{rel}","templated":true}]}}